{"id":4357,"date":"2021-05-11T15:11:56","date_gmt":"2021-05-11T13:11:56","guid":{"rendered":"https:\/\/www.vir-ivana.com.hr\/wp\/?page_id=4357"},"modified":"2023-04-04T20:57:09","modified_gmt":"2023-04-04T18:57:09","slug":"apartman-ivan-i-3","status":"publish","type":"page","link":"https:\/\/www.vir-ivana.com.hr\/wp\/apartman-ivan-i-3\/","title":{"rendered":"Apartman Ivan &#8211; I 3"},"content":{"rendered":"<p>[vc_row][vc_column]<div class=\"vk-home-about uni-vc-about-us  \">            <div class=\"vk-sparta-head-title text-center\">\r\n                <h3>Apartman<\/h3>                <h2>Ivan<\/h2>                <div class=\"vk-sparta-about-border\"><\/div>\r\n            <\/div>\r\n            <div class=\"welcome-content text-center\">\r\n                <div class=\"vk-sparta-about-text\">Apartman ima dva kreveta za jednu osobu, krevete na razvla\u010denje (kau\u010d).\n<p>Potvrda rezervacije dobiva se na mail josip@alar-m.hr ili telefonom 00-385-91-2288228.Confirmation of the reservation is obtained by e-mail josip@alar-m.hr or telephone 00-385-91-2288228.<\/p><\/div>                <div class=\"vk-sparta-about-author\">\r\n                    \r\n                <\/div>\r\n            <\/div>\r\n                    <\/div>[\/vc_column][\/vc_row][vc_row][vc_column]<div class=\"vk-home-about uni-vc-about-us  \">            <div class=\"style-aboutimg default\">\r\n                <div class=\"row\">\r\n                                                                        <div class=\"col-lg-6 vk-content-left\">\r\n                                <div class=\"vk-image\">\r\n                                    <div class=\"vk-img-frame\">\r\n                                        <a href=\"#\" class=\"vk-img\">\r\n                                            <img src=\"https:\/\/www.vir-ivana.com.hr\/wp\/wp-content\/uploads\/2020\/07\/DSC00842.jpg\" alt=\"\"\/>\r\n                                        <\/a>\r\n                                    <\/div>\r\n                                <\/div>\r\n                            <\/div>\r\n                        \r\n                        <div class=\"col-lg-6 vk-content-right text-center\">\r\n                            <div class=\"vk-sparta-head-title\">\r\n                                                                <h2>Opremljenost<\/h2>                                <div class=\"vk-sparta-about-border\"><\/div>\r\n                            <\/div>\r\n                            <div class=\"welcome-content\">\r\n                                                                    <div class=\"vk-sparta-about-text\">\r\n                                        Apartman ima mikrovalnu pe\u010dnicu, fri\u017eider, fen za kosu, peglu, klima. Wi-fi je dostupan u apartmanu i na ve\u010dini mjesta u dvori\u0161tu. Satelitska televizija. Svaki apartman ima svoje parkirali\u0161te.<br \/>\nThe apartment has a microwave, refrigerator, hair dryer, iron, aircondition. Wi-fi is available in the apartment and in most places in the yard. Satellite TV. Each apartment has its own parking space.                                    <\/div>\r\n                                                                <div class=\"vk-sparta-about-author\">\r\n                                    \r\n                                <\/div>\r\n                            <\/div>\r\n                                                        \r\n                        <\/div>\r\n                    \r\n                <\/div>\r\n            <\/div>\r\n                <\/div>[\/vc_column][\/vc_row][vc_row][vc_column]<div class=\"vk-home-about uni-vc-about-us  \">            <div class=\"style-aboutimg default\">\r\n                <div class=\"row\">\r\n                                            <div class=\"col-lg-6 vk-content-right text-center\">\r\n                            <div class=\"vk-sparta-head-title\">\r\n                                                                <h2>Spavanje<\/h2>                                <div class=\"vk-sparta-about-border\"><\/div>\r\n                            <\/div>\r\n                            <div class=\"welcome-content\">\r\n                                                                    <div class=\"vk-sparta-about-text\">\r\n                                        Apartman ima dva kreveta za jednu osobu u kau\u010d.\n<p>The apartment has two single beds and a sofa.                                    <\/p><\/div>\r\n                                                                <div class=\"vk-sparta-about-author\">\r\n                                    \r\n                                <\/div>\r\n                            <\/div>\r\n                                                        \r\n                        <\/div>\r\n                                                    <div class=\"col-lg-6 vk-content-left\">\r\n                                <div class=\"vk-image\">\r\n                                    <div class=\"vk-img-frame\">\r\n                                        <a href=\"#\" class=\"vk-img\">\r\n                                            <img src=\"https:\/\/www.vir-ivana.com.hr\/wp\/wp-content\/uploads\/2020\/07\/DSC00839.jpg\" alt=\"\"\/>\r\n                                        <\/a>\r\n                                    <\/div>\r\n                                <\/div>\r\n                            <\/div>\r\n                                                \r\n                <\/div>\r\n            <\/div>\r\n                <\/div>[\/vc_column][\/vc_row][vc_row][vc_column]<div class=\"vk-home-about uni-vc-about-us  \">            <div class=\"style-aboutimg default\">\r\n                <div class=\"row\">\r\n                                                                        <div class=\"col-lg-6 vk-content-left\">\r\n                                <div class=\"vk-image\">\r\n                                    <div class=\"vk-img-frame\">\r\n                                        <a href=\"#\" class=\"vk-img\">\r\n                                            <img src=\"https:\/\/www.vir-ivana.com.hr\/wp\/wp-content\/uploads\/2020\/07\/DSC00846.jpg\" alt=\"\"\/>\r\n                                        <\/a>\r\n                                    <\/div>\r\n                                <\/div>\r\n                            <\/div>\r\n                        \r\n                        <div class=\"col-lg-6 vk-content-right text-center\">\r\n                            <div class=\"vk-sparta-head-title\">\r\n                                                                <h2>Dnevna soba<\/h2>                                <div class=\"vk-sparta-about-border\"><\/div>\r\n                            <\/div>\r\n                            <div class=\"welcome-content\">\r\n                                                                    <div class=\"vk-sparta-about-text\">\r\n                                        Mali apartman \u010dini u jednom prostoru mala kuhinja, stol, dva kreveta i kau\u0107. U sobi je televizija i klima. Dnevna soba je zajedno sa blagovaonicom.\n<p>The small apartment consists of a small kitchen, table, two beds and a sofa in one space. The room has a TV and air conditioning. The living room is together with the dining room.                                    <\/p><\/div>\r\n                                                                <div class=\"vk-sparta-about-author\">\r\n                                    \r\n                                <\/div>\r\n                            <\/div>\r\n                                                        \r\n                        <\/div>\r\n                    \r\n                <\/div>\r\n            <\/div>\r\n                <\/div>[\/vc_column][\/vc_row][vc_row][vc_column]<div class=\"vk-home-about uni-vc-about-us  \">            <div class=\"style-aboutimg default\">\r\n                <div class=\"row\">\r\n                                            <div class=\"col-lg-6 vk-content-right text-center\">\r\n                            <div class=\"vk-sparta-head-title\">\r\n                                                                <h2>\u010cisto\u0107a - higijena<\/h2>                                <div class=\"vk-sparta-about-border\"><\/div>\r\n                            <\/div>\r\n                            <div class=\"welcome-content\">\r\n                                                                    <div class=\"vk-sparta-about-text\">\r\n                                        U svakom apartmanu po osobi su na raspolaganju dva ru\u010dnika (manji i ve\u0107i), teku\u010di sapun, Wc papir. Za peglu destilirana voda. Svi kreveti imaju ispeglanu posteljinu i prekriva\u0107e. Priuje ulaska partmani se \u010diste i desinficiraju. Molimo na razumijevanju.\n<p>In each apartment per person there are two towels (smaller and larger), liquid soap, toilet paper. Distilled water for the iron. All beds have ironed sheets and bedspreads. At the entrance, the wallets are cleaned and disinfected. Please understand.                                    <\/p><\/div>\r\n                                                                <div class=\"vk-sparta-about-author\">\r\n                                    \r\n                                <\/div>\r\n                            <\/div>\r\n                                                        \r\n                        <\/div>\r\n                                                    <div class=\"col-lg-6 vk-content-left\">\r\n                                <div class=\"vk-image\">\r\n                                    <div class=\"vk-img-frame\">\r\n                                        <a href=\"#\" class=\"vk-img\">\r\n                                            <img src=\"https:\/\/www.vir-ivana.com.hr\/wp\/wp-content\/uploads\/2021\/05\/rucnici-slike.jpg\" alt=\"\"\/>\r\n                                        <\/a>\r\n                                    <\/div>\r\n                                <\/div>\r\n                            <\/div>\r\n                                                \r\n                <\/div>\r\n            <\/div>\r\n                <\/div>[\/vc_column][\/vc_row][vc_row][vc_column]<div class=\"vk-home-about uni-vc-about-us  \">            <div class=\"style-aboutimg default\">\r\n                <div class=\"row\">\r\n                                                                        <div class=\"col-lg-6 vk-content-left\">\r\n                                <div class=\"vk-image\">\r\n                                    <div class=\"vk-img-frame\">\r\n                                        <a href=\"#\" class=\"vk-img\">\r\n                                            <img src=\"https:\/\/www.vir-ivana.com.hr\/wp\/wp-content\/uploads\/2021\/05\/DSC00924.jpg\" alt=\"\"\/>\r\n                                        <\/a>\r\n                                    <\/div>\r\n                                <\/div>\r\n                            <\/div>\r\n                        \r\n                        <div class=\"col-lg-6 vk-content-right text-center\">\r\n                            <div class=\"vk-sparta-head-title\">\r\n                                                                <h2>Pitka voda<\/h2>                                <div class=\"vk-sparta-about-border\"><\/div>\r\n                            <\/div>\r\n                            <div class=\"welcome-content\">\r\n                                                                    <div class=\"vk-sparta-about-text\">\r\n                                        Vir je otok. Voda se kupuje u trgovini. Voda u ku\u0107i nije pitka voda. Voda je prirodna iz bu\u0161otine. Na Viru nema industrije niti zaga\u0111iva\u010da okoline. Zbog blizine mora voda mo\u017ee biti blago slana.<br \/>\nVir is an island. Water is bought in the store. The water in the house is not drinking water. Water is natural from a well. There is no industry or environmental pollutants in Vir. Due to the proximity of the sea (in case of weather change) the water can be slightly salty.                                    <\/div>\r\n                                                                <div class=\"vk-sparta-about-author\">\r\n                                    \r\n                                <\/div>\r\n                            <\/div>\r\n                                                        \r\n                        <\/div>\r\n                    \r\n                <\/div>\r\n            <\/div>\r\n                <\/div>[\/vc_column][\/vc_row][vc_row][vc_column]<div class=\"vk-home-about uni-vc-about-us  \">            <div class=\"style-aboutimg default\">\r\n                <div class=\"row\">\r\n                                            <div class=\"col-lg-6 vk-content-right text-center\">\r\n                            <div class=\"vk-sparta-head-title\">\r\n                                                                <h2>Kovid - Covid<\/h2>                                <div class=\"vk-sparta-about-border\"><\/div>\r\n                            <\/div>\r\n                            <div class=\"welcome-content\">\r\n                                                                    <div class=\"vk-sparta-about-text\">\r\n                                        Svi gosti su dobrodo\u0161li. Nema zahtjeva posebnih na goste. Nije problem za dr\u017eanje razmaka - dvori\u0161te je prostrano. Svi apartmani se \u010diste - desinficiraju. Prije ulaska ove godine raditi \u0107e mo UV desinfekciju. Molimo da se vodi dodatno ra\u010duna o drugim gostima koji su vi\u0161e u strahu. Maske su pokazale u svim zemljama da imaju manju u\u010dinkovitost od po\u0161tivanje distance - stoga obratite pa\u017enju na distancu. Ru\u010dnici, posteljina su temperaturno obra\u0111eni, UV osvjetljeni. Hvala.<br \/>\nAll guests are welcome. There are no special requirements for guests. Not a problem to keep a distance. All apartments are cleaned - disinfected. We will do UV disinfection before entering this year. Please take extra care of other guests who are more in fear. Masks have been shown in all countries to be less effective than respecting distance - so pay attention to distance. Towels, bed linen are heat treated, UV lit. Thank you.                                    <\/div>\r\n                                                                <div class=\"vk-sparta-about-author\">\r\n                                    \r\n                                <\/div>\r\n                            <\/div>\r\n                                                        \r\n                        <\/div>\r\n                                                    <div class=\"col-lg-6 vk-content-left\">\r\n                                <div class=\"vk-image\">\r\n                                    <div class=\"vk-img-frame\">\r\n                                        <a href=\"#\" class=\"vk-img\">\r\n                                            <img src=\"https:\/\/www.vir-ivana.com.hr\/wp\/wp-content\/uploads\/2021\/05\/DSC02222.jpg\" alt=\"\"\/>\r\n                                        <\/a>\r\n                                    <\/div>\r\n                                <\/div>\r\n                            <\/div>\r\n                                                \r\n                <\/div>\r\n            <\/div>\r\n                <\/div>[\/vc_column][\/vc_row][vc_row][vc_column]<div class=\"vk-home-about uni-vc-about-us  \">            <div class=\"style-aboutimg default\">\r\n                <div class=\"row\">\r\n                                                                        <div class=\"col-lg-6 vk-content-left\">\r\n                                <div class=\"vk-image\">\r\n                                    <div class=\"vk-img-frame\">\r\n                                        <a href=\"#\" class=\"vk-img\">\r\n                                            <img src=\"https:\/\/www.vir-ivana.com.hr\/wp\/wp-content\/uploads\/2021\/05\/plitki-bez-boja-6-komada.jpg\" alt=\"\"\/>\r\n                                        <\/a>\r\n                                    <\/div>\r\n                                <\/div>\r\n                            <\/div>\r\n                        \r\n                        <div class=\"col-lg-6 vk-content-right text-center\">\r\n                            <div class=\"vk-sparta-head-title\">\r\n                                                                <h2>Kuhinja - opremljenost<\/h2>                                <div class=\"vk-sparta-about-border\"><\/div>\r\n                            <\/div>\r\n                            <div class=\"welcome-content\">\r\n                                                                    <div class=\"vk-sparta-about-text\">\r\n                                        Svaki apartman je opremeljen prema broju osoba sa - \u010da\u0161ama, tanjurima, priborom za jelo, loncima - osnovnim za pripremu jela. U slu\u010daju da ne\u0161to ne dostaje stojimo Vam na raspolaganju.<br \/>\nEach apartment is equipped according to the number of people with - glasses, plates, cutlery, pots - basic for preparing meals. In case something is missing, we are at your disposal.                                    <\/div>\r\n                                                                <div class=\"vk-sparta-about-author\">\r\n                                    \r\n                                <\/div>\r\n                            <\/div>\r\n                                                        \r\n                        <\/div>\r\n                    \r\n                <\/div>\r\n            <\/div>\r\n                <\/div>[\/vc_column][\/vc_row]<\/p>\n","protected":false},"excerpt":{"rendered":"<p>[vc_row][vc_column][\/vc_column][\/vc_row][vc_row][vc_column][\/vc_column][\/vc_row][vc_row][vc_column][\/vc_column][\/vc_row][vc_row][vc_column][\/vc_column][\/vc_row][vc_row][vc_column][\/vc_column][\/vc_row][vc_row][vc_column][\/vc_column][\/vc_row][vc_row][vc_column][\/vc_column][\/vc_row][vc_row][vc_column][\/vc_column][\/vc_row]<\/p>\n","protected":false},"author":1,"featured_media":0,"parent":0,"menu_order":0,"comment_status":"closed","ping_status":"closed","template":"","meta":[],"_links":{"self":[{"href":"https:\/\/www.vir-ivana.com.hr\/wp\/wp-json\/wp\/v2\/pages\/4357"}],"collection":[{"href":"https:\/\/www.vir-ivana.com.hr\/wp\/wp-json\/wp\/v2\/pages"}],"about":[{"href":"https:\/\/www.vir-ivana.com.hr\/wp\/wp-json\/wp\/v2\/types\/page"}],"author":[{"embeddable":true,"href":"https:\/\/www.vir-ivana.com.hr\/wp\/wp-json\/wp\/v2\/users\/1"}],"replies":[{"embeddable":true,"href":"https:\/\/www.vir-ivana.com.hr\/wp\/wp-json\/wp\/v2\/comments?post=4357"}],"version-history":[{"count":7,"href":"https:\/\/www.vir-ivana.com.hr\/wp\/wp-json\/wp\/v2\/pages\/4357\/revisions"}],"predecessor-version":[{"id":4807,"href":"https:\/\/www.vir-ivana.com.hr\/wp\/wp-json\/wp\/v2\/pages\/4357\/revisions\/4807"}],"wp:attachment":[{"href":"https:\/\/www.vir-ivana.com.hr\/wp\/wp-json\/wp\/v2\/media?parent=4357"}],"curies":[{"name":"wp","href":"https:\/\/api.w.org\/{rel}","templated":true}]}}